{"id":220832,"date":"2026-04-03T10:44:31","date_gmt":"2026-04-03T08:44:31","guid":{"rendered":"https:\/\/shop.formadesign.it\/?post_type=product&#038;p=220832"},"modified":"2026-05-08T18:22:14","modified_gmt":"2026-05-08T16:22:14","slug":"granorte-cork-tiles-twist-red","status":"publish","type":"product","link":"https:\/\/shop.formadesign.it\/en\/prodotto\/granorte-cork-tiles-twist-red\/","title":{"rendered":"Granorte cork tiles Twist Red"},"content":{"rendered":"","protected":false},"excerpt":{"rendered":"<p>Twist Red della collezione Tradition di Granorte \u00e8 una piastrella in sughero naturale progettata per pavimentazioni, che combina un&#8217;estetica calda e materica con eccellenti propriet\u00e0 di isolamento acustico e termico. Grazie alla sua resilienza e alla resistenza all&#8217;acqua, \u00e8 una soluzione ecologica ideale per chi cerca comfort e durabilit\u00e0 sia in contesti domestici che commerciali.<\/p>\n<p>\u2713 Free pick up at the shops<br \/>\n\u2713 We ship globally<br \/>\n\u2713 Custom assistance upon request<br \/>\n\u2713 Ready to answer all your questions<\/p>\n","protected":false},"featured_media":220848,"template":"","meta":{"_monsterinsights_skip_tracking":false,"_monsterinsights_sitenote_active":false,"_monsterinsights_sitenote_note":"","_monsterinsights_sitenote_category":0},"product_cat":[565,573,569,656,574,566,527,576,575,571],"product_tag":[3190,1140],"class_list":{"0":"post-220832","1":"product","2":"type-product","3":"status-publish","4":"has-post-thumbnail","6":"product_brand-granorte","7":"product_cat-bedrooms","8":"product_cat-cafe-and-restaurants","9":"product_cat-dining-room","10":"product_cat-floorings-and-coatings","11":"product_cat-hotel-contract","12":"product_cat-kitchen","13":"product_cat-living-room","14":"product_cat-offices-contract","15":"product_cat-shops","16":"product_cat-wellness-home","17":"product_tag-glue-down-cork-tiles","18":"product_tag-granorte-en","20":"first","21":"instock","22":"taxable","23":"shipping-taxable","24":"product-type-external"},"_links":{"self":[{"href":"https:\/\/shop.formadesign.it\/en\/wp-json\/wp\/v2\/product\/220832","targetHints":{"allow":["GET"]}}],"collection":[{"href":"https:\/\/shop.formadesign.it\/en\/wp-json\/wp\/v2\/product"}],"about":[{"href":"https:\/\/shop.formadesign.it\/en\/wp-json\/wp\/v2\/types\/product"}],"wp:featuredmedia":[{"embeddable":true,"href":"https:\/\/shop.formadesign.it\/en\/wp-json\/wp\/v2\/media\/220848"}],"wp:attachment":[{"href":"https:\/\/shop.formadesign.it\/en\/wp-json\/wp\/v2\/media?parent=220832"}],"wp:term":[{"taxonomy":"product_cat","embeddable":true,"href":"https:\/\/shop.formadesign.it\/en\/wp-json\/wp\/v2\/product_cat?post=220832"},{"taxonomy":"product_tag","embeddable":true,"href":"https:\/\/shop.formadesign.it\/en\/wp-json\/wp\/v2\/product_tag?post=220832"}],"curies":[{"name":"wp","href":"https:\/\/api.w.org\/{rel}","templated":true}]}}