{"id":196099,"date":"2024-11-29T07:35:30","date_gmt":"2024-11-29T06:35:30","guid":{"rendered":"https:\/\/shop.formadesign.it\/?post_type=product&#038;p=196099"},"modified":"2026-01-19T09:55:11","modified_gmt":"2026-01-19T08:55:11","slug":"laboratorio-olfattivo-book-lecrivain-dodeurs-jean-claude-ellena","status":"publish","type":"product","link":"https:\/\/shop.formadesign.it\/en\/prodotto\/laboratorio-olfattivo-book-lecrivain-dodeurs-jean-claude-ellena\/","title":{"rendered":"Book L\u2019ecrivain d\u2019odeurs \u2013 Jean-Claude Ellena"},"content":{"rendered":"","protected":false},"excerpt":{"rendered":"<div class=\"general-info grid-margin-x\">\n<article class=\"gi-content\">\n<div class=\"product-desc-container\">\n<div class=\"grid-x\">\n<div class=\"cell\">\n<p>Continuously looking for freedom and excellence, Jean-Claude Ellena has never stopped asking the question of what does it mean \u00abbeing a perfumer\u00bb.Jean-Claude Ellena a consacr\u00e9 sa vie \u00e0 ouvrir des voies, remettre en question des certitudes et dialoguer avec le monde pour tenter de trouver ses r\u00e9ponses : est-il \u00e9crivain d\u2019odeurs ? Peintre olfactif ? Cr\u00e9ateur d\u2019\u00e9motions ? Artiste sensoriel ? Les lumi\u00e8res qu\u2019il nous offre sur sa carri\u00e8re se r\u00e9fl\u00e9chissent sur les facettes multiples et m\u00e9connues d\u2019une profession devenue trop souvent prisonni\u00e8re du marketing. Ce t\u00e9moignage in\u00e9dit est un voyage, une rencontre, autant que la d\u00e9finition, simple et sensible, de ce que pourrait \u00eatre \u00ab un grand artiste \u00bb.<\/p>\n<\/div>\n<\/div>\n<\/div>\n<\/article>\n<\/div>\n<p>\u2713 Free pick up at the shops<br \/>\n\u2713 We ship globally<br \/>\n\u2713 Custom assistance upon request<br \/>\n\u2713 Ready to answer all your questions<\/p>\n","protected":false},"featured_media":196203,"template":"","meta":{"_monsterinsights_skip_tracking":false,"_monsterinsights_sitenote_active":false,"_monsterinsights_sitenote_note":"","_monsterinsights_sitenote_category":0},"product_cat":[],"product_tag":[2366,1054],"class_list":{"0":"post-196099","1":"product","2":"type-product","3":"status-publish","4":"has-post-thumbnail","6":"product_brand-laboratorio-olfattivo","7":"product_tag-book","8":"product_tag-laboratorio-olfattivo-en","10":"first","11":"outofstock","12":"taxable","13":"shipping-taxable","14":"purchasable","15":"product-type-simple"},"_links":{"self":[{"href":"https:\/\/shop.formadesign.it\/en\/wp-json\/wp\/v2\/product\/196099","targetHints":{"allow":["GET"]}}],"collection":[{"href":"https:\/\/shop.formadesign.it\/en\/wp-json\/wp\/v2\/product"}],"about":[{"href":"https:\/\/shop.formadesign.it\/en\/wp-json\/wp\/v2\/types\/product"}],"wp:featuredmedia":[{"embeddable":true,"href":"https:\/\/shop.formadesign.it\/en\/wp-json\/wp\/v2\/media\/196203"}],"wp:attachment":[{"href":"https:\/\/shop.formadesign.it\/en\/wp-json\/wp\/v2\/media?parent=196099"}],"wp:term":[{"taxonomy":"product_cat","embeddable":true,"href":"https:\/\/shop.formadesign.it\/en\/wp-json\/wp\/v2\/product_cat?post=196099"},{"taxonomy":"product_tag","embeddable":true,"href":"https:\/\/shop.formadesign.it\/en\/wp-json\/wp\/v2\/product_tag?post=196099"}],"curies":[{"name":"wp","href":"https:\/\/api.w.org\/{rel}","templated":true}]}}