{"id":195330,"date":"2024-11-26T10:42:21","date_gmt":"2024-11-26T09:42:21","guid":{"rendered":"https:\/\/shop.formadesign.it\/?post_type=product&#038;p=195330"},"modified":"2024-11-26T15:14:58","modified_gmt":"2024-11-26T14:14:58","slug":"pianca-divano-nice","status":"publish","type":"product","link":"https:\/\/shop.formadesign.it\/en\/prodotto\/pianca-divano-nice\/","title":{"rendered":"Pianca divano Nice"},"content":{"rendered":"","protected":false},"excerpt":{"rendered":"<p>Caratterizzato da profili morbidi e delicati, il divano Nice si distingue per i suoi volumi generosi e accoglienti, espressione di uno stile senza tempo, rassicurante e affascinante. Grazie alla modularit\u00e0 dei suoi elementi, disponibili in diverse dimensioni e forme, Nice offre una straordinaria flessibilit\u00e0 compositiva. \u00c8 possibile creare configurazioni dinamiche e contemporanee, personalizzate per adattarsi perfettamente agli spazi circostanti.<br \/>\nLe ampie sedute, combinate con soffici cuscini, garantiscono un comfort elevato, ideale per momenti di puro relax. I volumi del divano sono ulteriormente impreziositi da un profilo in gros grain, disponibile in versione tono su tono o a contrasto, che aggiunge un tocco raffinato e ricercato al design complessivo.<br \/>\n<strong>Visualizza gli allegati per scoprire tutte le configurazioni su richiesta.<br \/>\n<\/strong><strong>Prodotto disponibile presso il nostro showroom.<\/strong><\/p>\n<p>\u2713 Ritiro gratis nei nostri showroom<br \/>\n\u2713 Spediamo in tutto il mondo<br \/>\n\u2713 Montaggio disponibile. Contattaci!<br \/>\n\u2713 Consegna al piano su richiesta<\/p>\n","protected":false},"featured_media":195422,"template":"","meta":{"_monsterinsights_skip_tracking":false,"_monsterinsights_sitenote_active":false,"_monsterinsights_sitenote_note":"","_monsterinsights_sitenote_category":0},"product_cat":[706,148,1168,194,328],"product_tag":[757,816],"class_list":{"0":"post-195330","1":"product","2":"type-product","3":"status-publish","4":"has-post-thumbnail","6":"product_brand-pianca","7":"product_cat-consegna-veloce","8":"product_cat-divani","9":"product_cat-sale","10":"product_cat-salotto","11":"product_cat-salotto-offerta","12":"product_tag-divani","13":"product_tag-pianca","14":"product_shipping_class-248","16":"first","17":"instock","18":"sale","19":"featured","20":"taxable","21":"shipping-taxable","22":"purchasable","23":"product-type-simple"},"_links":{"self":[{"href":"https:\/\/shop.formadesign.it\/en\/wp-json\/wp\/v2\/product\/195330","targetHints":{"allow":["GET"]}}],"collection":[{"href":"https:\/\/shop.formadesign.it\/en\/wp-json\/wp\/v2\/product"}],"about":[{"href":"https:\/\/shop.formadesign.it\/en\/wp-json\/wp\/v2\/types\/product"}],"wp:featuredmedia":[{"embeddable":true,"href":"https:\/\/shop.formadesign.it\/en\/wp-json\/wp\/v2\/media\/195422"}],"wp:attachment":[{"href":"https:\/\/shop.formadesign.it\/en\/wp-json\/wp\/v2\/media?parent=195330"}],"wp:term":[{"taxonomy":"product_cat","embeddable":true,"href":"https:\/\/shop.formadesign.it\/en\/wp-json\/wp\/v2\/product_cat?post=195330"},{"taxonomy":"product_tag","embeddable":true,"href":"https:\/\/shop.formadesign.it\/en\/wp-json\/wp\/v2\/product_tag?post=195330"}],"curies":[{"name":"wp","href":"https:\/\/api.w.org\/{rel}","templated":true}]}}