{"id":194624,"date":"2024-08-27T11:42:07","date_gmt":"2024-08-27T09:42:08","guid":{"rendered":"https:\/\/shop.formadesign.it\/?post_type=product&#038;p=194624"},"modified":"2025-11-28T16:00:53","modified_gmt":"2025-11-28T15:00:53","slug":"family-bedding-sofa-beds-audrey-copia","status":"publish","type":"product","link":"https:\/\/shop.formadesign.it\/en\/prodotto\/family-bedding-sofa-beds-audrey-copia\/","title":{"rendered":"Family Bedding sofa beds Voil\u00e0 Sof\u00e0"},"content":{"rendered":"","protected":false},"excerpt":{"rendered":"<p>Voil\u00e0 Sofa by Family Bedding is the ideal choice for those looking for a sofa that offers versatility and style without compromises. With its transformability and captivating design, it changes its face and renews your home every day. Thanks to its extraordinary adjustment mechanism, Voil\u00e0 Sof\u00e0 transforms itself in a surprising way: with the possibility of adjusting the backrest and armrests in four different positions, this sofa adapts to your needs in an instant.<br \/>\nIts clean and linear design integrates perfectly into any environment and the lacquered steel base, available in three standard colours, can be customised according to your tastes, allowing you to create a unique and personalised sofa.<br \/>\nRefresh your living room with Voil\u00e0 Sofa and enjoy the comfort and practicality it offers.<br \/>\n<strong>View the attachments to discover all the features.<\/strong><\/p>\n<div class=\"woocommerce-product-details__short-description\">\n<p>\u2713 Free pick up at the shops<br \/>\n\u2713 We ship globally<br \/>\n\u2713 Custom assistance upon request<br \/>\n\u2713 Ready to answer all your questions<\/p>\n<\/div>\n","protected":false},"featured_media":194655,"template":"","meta":{"_monsterinsights_skip_tracking":false,"_monsterinsights_sitenote_active":false,"_monsterinsights_sitenote_note":"","_monsterinsights_sitenote_category":0},"product_cat":[565,602,574,527,526],"product_tag":[2312,923],"class_list":{"0":"post-194624","1":"product","2":"type-product","3":"status-publish","4":"has-post-thumbnail","6":"product_brand-family-bedding","7":"product_cat-bedrooms","8":"product_cat-beds","9":"product_cat-hotel-contract","10":"product_cat-living-room","11":"product_cat-sofas","12":"product_tag-family-bedding-en","13":"product_tag-sofas","15":"first","16":"instock","17":"taxable","18":"shipping-taxable","19":"product-type-external"},"_links":{"self":[{"href":"https:\/\/shop.formadesign.it\/en\/wp-json\/wp\/v2\/product\/194624","targetHints":{"allow":["GET"]}}],"collection":[{"href":"https:\/\/shop.formadesign.it\/en\/wp-json\/wp\/v2\/product"}],"about":[{"href":"https:\/\/shop.formadesign.it\/en\/wp-json\/wp\/v2\/types\/product"}],"wp:featuredmedia":[{"embeddable":true,"href":"https:\/\/shop.formadesign.it\/en\/wp-json\/wp\/v2\/media\/194655"}],"wp:attachment":[{"href":"https:\/\/shop.formadesign.it\/en\/wp-json\/wp\/v2\/media?parent=194624"}],"wp:term":[{"taxonomy":"product_cat","embeddable":true,"href":"https:\/\/shop.formadesign.it\/en\/wp-json\/wp\/v2\/product_cat?post=194624"},{"taxonomy":"product_tag","embeddable":true,"href":"https:\/\/shop.formadesign.it\/en\/wp-json\/wp\/v2\/product_tag?post=194624"}],"curies":[{"name":"wp","href":"https:\/\/api.w.org\/{rel}","templated":true}]}}