{"id":185026,"date":"2023-08-27T08:17:45","date_gmt":"2023-08-27T06:17:45","guid":{"rendered":"https:\/\/shop.formadesign.it\/?post_type=product&#038;p=185026"},"modified":"2025-11-28T15:58:19","modified_gmt":"2025-11-28T14:58:19","slug":"shwung-led-bulb","status":"publish","type":"product","link":"https:\/\/shop.formadesign.it\/en\/prodotto\/shwung-led-bulb\/","title":{"rendered":"Schwung Soap B7 MD ceiling light LED Bulb"},"content":{"rendered":"","protected":false},"excerpt":{"rendered":"<p data-start=\"230\" data-end=\"477\">Dimensioni: L150 \u00d7 P23 \u00d7 H83,4 cm<br data-start=\"314\" data-end=\"317\" \/>Materiali: Ottone massiccio, vetro soffiato a mano<br data-start=\"367\" data-end=\"370\" \/>Lampadina: G4, 12V AC, max 1,6W<br data-start=\"401\" data-end=\"404\" \/>Lumen: 600lm \u2013 2700K \u2013 \u00d8 max lampadina: 10mm<br data-start=\"448\" data-end=\"451\" \/>Disponibile anche in nero.<\/p>\n<p data-start=\"479\" data-end=\"802\"><strong data-start=\"479\" data-end=\"490\">Schwung<\/strong> (dal tedesco: slancio, energia) unisce estetica, sostenibilit\u00e0 e funzionalit\u00e0. Ogni pezzo \u00e8 realizzato a mano in Europa, con materiali durevoli e riciclabili al 98%. Design ispirato alla storia e pensato per valorizzare la luce nello spazio. Produzione interna in Polonia per standard elevati e consegne rapide.<\/p>\n<p>\u2713 Free pick up at the shops<br \/>\n\u2713 We ship globally<br \/>\n\u2713 Custom assistance upon request<br \/>\n\u2713 Ready to answer all your questions<\/p>\n","protected":false},"featured_media":185028,"template":"","meta":{"_monsterinsights_skip_tracking":false,"_monsterinsights_sitenote_active":false,"_monsterinsights_sitenote_note":"","_monsterinsights_sitenote_category":0},"product_cat":[930,565,573,569,567,574,931,604,634,527,576,575,570],"product_tag":[1989,1499],"class_list":{"0":"post-185026","1":"product","2":"type-product","3":"status-publish","4":"has-post-thumbnail","6":"product_brand-schwung","7":"product_cat-bars-and-restaurants","8":"product_cat-bedrooms","9":"product_cat-cafe-and-restaurants","10":"product_cat-dining-room","11":"product_cat-entrance","12":"product_cat-hotel-contract","13":"product_cat-hotel-en","14":"product_cat-lights-home","15":"product_cat-lights-home-decor","16":"product_cat-living-room","17":"product_cat-offices-contract","18":"product_cat-shops","19":"product_cat-studio-and-office-home","20":"product_tag-shwung","21":"product_tag-wall-lights","23":"first","24":"instock","25":"taxable","26":"shipping-taxable","27":"product-type-external"},"_links":{"self":[{"href":"https:\/\/shop.formadesign.it\/en\/wp-json\/wp\/v2\/product\/185026","targetHints":{"allow":["GET"]}}],"collection":[{"href":"https:\/\/shop.formadesign.it\/en\/wp-json\/wp\/v2\/product"}],"about":[{"href":"https:\/\/shop.formadesign.it\/en\/wp-json\/wp\/v2\/types\/product"}],"wp:featuredmedia":[{"embeddable":true,"href":"https:\/\/shop.formadesign.it\/en\/wp-json\/wp\/v2\/media\/185028"}],"wp:attachment":[{"href":"https:\/\/shop.formadesign.it\/en\/wp-json\/wp\/v2\/media?parent=185026"}],"wp:term":[{"taxonomy":"product_cat","embeddable":true,"href":"https:\/\/shop.formadesign.it\/en\/wp-json\/wp\/v2\/product_cat?post=185026"},{"taxonomy":"product_tag","embeddable":true,"href":"https:\/\/shop.formadesign.it\/en\/wp-json\/wp\/v2\/product_tag?post=185026"}],"curies":[{"name":"wp","href":"https:\/\/api.w.org\/{rel}","templated":true}]}}