{"id":177096,"date":"2023-07-12T14:24:20","date_gmt":"2023-07-12T12:24:20","guid":{"rendered":"https:\/\/shop.formadesign.it\/?post_type=product&#038;p=177096"},"modified":"2025-11-28T15:52:11","modified_gmt":"2025-11-28T14:52:11","slug":"fantin-kitchen-frame","status":"publish","type":"product","link":"https:\/\/shop.formadesign.it\/en\/prodotto\/fantin-kitchen-frame\/","title":{"rendered":"Fantin Kitchen Frame"},"content":{"rendered":"","protected":false},"excerpt":{"rendered":"<p>Le cucine Frame sono disponibili in 2 o 3 unit\u00e0 e sono dotate di top in acciaio Barazza o Fenix \u200b\u200bNTM. Per i top in acciaio da 4 mm \u00e8 possibile scegliere tra finitura vintage o satinata, abbinabili a tutte le finiture Fantin. I top in Fenix \u200b\u200bNTM sono da utilizzare in abbinamento a telai con finitura Ultra-matt perch\u00e9 sono l&#8217;abbinamento perfetto in termini di colore, opacit\u00e0 e morbidezza al tatto. Ci\u00f2 consente di realizzare prodotti monocromatici utilizzando strutture in metallo pieno Fantin e top in Fenix \u200b\u200bNTM resistenti e ripristinabili.<\/p>\n<p>Le cucine Frame hanno 35 finiture.<\/p>\n<p>\u2713 Free pick up at the shops<br \/>\n\u2713 We ship globally<br \/>\n\u2713 Custom assistance upon request<br \/>\n\u2713 Ready to answer all your questions<\/p>\n","protected":false},"featured_media":179423,"template":"","meta":{"_monsterinsights_skip_tracking":false,"_monsterinsights_sitenote_active":false,"_monsterinsights_sitenote_note":"","_monsterinsights_sitenote_category":0},"product_cat":[566,579],"product_tag":[1733,1734],"class_list":{"0":"post-177096","1":"product","2":"type-product","3":"status-publish","4":"has-post-thumbnail","6":"product_brand-fantin","7":"product_cat-kitchen","8":"product_cat-kitchens-and-bbq-outdoor","9":"product_tag-fantin","10":"product_tag-kitchen-frame","12":"first","13":"instock","14":"taxable","15":"shipping-taxable","16":"product-type-external"},"_links":{"self":[{"href":"https:\/\/shop.formadesign.it\/en\/wp-json\/wp\/v2\/product\/177096","targetHints":{"allow":["GET"]}}],"collection":[{"href":"https:\/\/shop.formadesign.it\/en\/wp-json\/wp\/v2\/product"}],"about":[{"href":"https:\/\/shop.formadesign.it\/en\/wp-json\/wp\/v2\/types\/product"}],"wp:featuredmedia":[{"embeddable":true,"href":"https:\/\/shop.formadesign.it\/en\/wp-json\/wp\/v2\/media\/179423"}],"wp:attachment":[{"href":"https:\/\/shop.formadesign.it\/en\/wp-json\/wp\/v2\/media?parent=177096"}],"wp:term":[{"taxonomy":"product_cat","embeddable":true,"href":"https:\/\/shop.formadesign.it\/en\/wp-json\/wp\/v2\/product_cat?post=177096"},{"taxonomy":"product_tag","embeddable":true,"href":"https:\/\/shop.formadesign.it\/en\/wp-json\/wp\/v2\/product_tag?post=177096"}],"curies":[{"name":"wp","href":"https:\/\/api.w.org\/{rel}","templated":true}]}}