{"id":170913,"date":"2025-02-21T15:54:45","date_gmt":"2025-02-21T14:54:45","guid":{"rendered":"https:\/\/shop.formadesign.it\/?post_type=product&#038;p=170913"},"modified":"2025-02-21T15:54:46","modified_gmt":"2025-02-21T14:54:46","slug":"davide-groppi-anima","status":"publish","type":"product","link":"https:\/\/shop.formadesign.it\/en\/prodotto\/davide-groppi-anima\/","title":{"rendered":"Davide Groppi ANIMA"},"content":{"rendered":"","protected":false},"excerpt":{"rendered":"<div class=\"detail-hero__abstract\">\u00c8 luogo di emozioni. Scultura filiforme, leggera, effimera, astratta, \u00e8 un ideogramma senza peso. Assenza ed essenza di luce. Anima \u00e8 una lampada da usare per terra o su mobili bassi, da tenere vicino a s\u00e9 o da usare per creare profondit\u00e0. \u00c8 una lampada tutta da godere per la sua essenzialit\u00e0 e la sua potenza scenica. Anima \u00e8 stata selezionata dall\u2019Osservatorio Permanente del Design per l\u2019ADI Design Index 2022.<\/div>\n<div class=\"detail-hero__description single-line active\" data-more=\"Altro +\">\n<p>&nbsp;<\/p>\n<p>\u2713 Ritiro gratis nei nostri showroom<br \/>\n\u2713 Spediamo in tutto il mondo<br \/>\n\u2713 Montaggio disponibile. Contattaci!<br \/>\n\u2713 Consegna al piano su richiesta<\/p>\n<\/div>\n","protected":false},"featured_media":170914,"template":"","meta":{"_monsterinsights_skip_tracking":false,"_monsterinsights_sitenote_active":false,"_monsterinsights_sitenote_note":"","_monsterinsights_sitenote_category":0},"product_cat":[315,204,289,318],"product_tag":[],"class_list":{"0":"post-170913","1":"product","2":"type-product","3":"status-publish","4":"has-post-thumbnail","6":"product_brand-davide-groppi","7":"product_cat-hotel","8":"product_cat-luci-casa","9":"product_cat-luci-casa-decor","10":"product_cat-uffici-contract","12":"first","13":"instock","14":"taxable","15":"shipping-taxable","16":"product-type-simple"},"_links":{"self":[{"href":"https:\/\/shop.formadesign.it\/en\/wp-json\/wp\/v2\/product\/170913","targetHints":{"allow":["GET"]}}],"collection":[{"href":"https:\/\/shop.formadesign.it\/en\/wp-json\/wp\/v2\/product"}],"about":[{"href":"https:\/\/shop.formadesign.it\/en\/wp-json\/wp\/v2\/types\/product"}],"wp:featuredmedia":[{"embeddable":true,"href":"https:\/\/shop.formadesign.it\/en\/wp-json\/wp\/v2\/media\/170914"}],"wp:attachment":[{"href":"https:\/\/shop.formadesign.it\/en\/wp-json\/wp\/v2\/media?parent=170913"}],"wp:term":[{"taxonomy":"product_cat","embeddable":true,"href":"https:\/\/shop.formadesign.it\/en\/wp-json\/wp\/v2\/product_cat?post=170913"},{"taxonomy":"product_tag","embeddable":true,"href":"https:\/\/shop.formadesign.it\/en\/wp-json\/wp\/v2\/product_tag?post=170913"}],"curies":[{"name":"wp","href":"https:\/\/api.w.org\/{rel}","templated":true}]}}