{"id":170714,"date":"2025-02-20T17:25:00","date_gmt":"2025-02-20T16:25:00","guid":{"rendered":"https:\/\/shop.formadesign.it\/?post_type=product&#038;p=170714"},"modified":"2025-02-20T17:25:00","modified_gmt":"2025-02-20T16:25:00","slug":"flos-belt-fabric-copper-brown-casambi-2000mm","status":"publish","type":"product","link":"https:\/\/shop.formadesign.it\/en\/prodotto\/flos-belt-fabric-copper-brown-casambi-2000mm\/","title":{"rendered":"Flos Belt Fabric Copper Brown Casambi 2000mm"},"content":{"rendered":"","protected":false},"excerpt":{"rendered":"<div>\n<p>La lampada a sospensione Belt \u00e8 un design sorprendente che unisce flessibilit\u00e0 ed eleganza. Presenta superfici in pelle o tessuto di alta qualit\u00e0, create appositamente per Flos, che uniscono la morbidezza di questi materiali alla rigidit\u00e0 dell&#8217;alluminio. La connessione flessibile alla rete elettrica contrasta con le linee di luce rigide e lunghe che compongono l&#8217;apparecchio. Dotata di illuminazione diretta e indiretta integrata, ogni sorgente luminosa pu\u00f2 essere controllata individualmente tramite telecomando.<\/p>\n<\/div>\n<div aria-hidden=\"true\">\n<div aria-hidden=\"true\">\u2713 Ritiro gratis nei nostri showroom<br \/>\n\u2713 Spediamo in tutto il mondo<br \/>\n\u2713 Montaggio disponibile. Contattaci!<br \/>\n\u2713 Consegna al piano su richiesta<\/div>\n<\/div>\n","protected":false},"featured_media":170715,"template":"","meta":{"_monsterinsights_skip_tracking":false,"_monsterinsights_sitenote_active":false,"_monsterinsights_sitenote_note":"","_monsterinsights_sitenote_category":0},"product_cat":[204,289],"product_tag":[],"class_list":{"0":"post-170714","1":"product","2":"type-product","3":"status-publish","4":"has-post-thumbnail","6":"product_brand-flos","7":"product_cat-luci-casa","8":"product_cat-luci-casa-decor","10":"first","11":"instock","12":"taxable","13":"shipping-taxable","14":"purchasable","15":"product-type-variable"},"_links":{"self":[{"href":"https:\/\/shop.formadesign.it\/en\/wp-json\/wp\/v2\/product\/170714","targetHints":{"allow":["GET"]}}],"collection":[{"href":"https:\/\/shop.formadesign.it\/en\/wp-json\/wp\/v2\/product"}],"about":[{"href":"https:\/\/shop.formadesign.it\/en\/wp-json\/wp\/v2\/types\/product"}],"wp:featuredmedia":[{"embeddable":true,"href":"https:\/\/shop.formadesign.it\/en\/wp-json\/wp\/v2\/media\/170715"}],"wp:attachment":[{"href":"https:\/\/shop.formadesign.it\/en\/wp-json\/wp\/v2\/media?parent=170714"}],"wp:term":[{"taxonomy":"product_cat","embeddable":true,"href":"https:\/\/shop.formadesign.it\/en\/wp-json\/wp\/v2\/product_cat?post=170714"},{"taxonomy":"product_tag","embeddable":true,"href":"https:\/\/shop.formadesign.it\/en\/wp-json\/wp\/v2\/product_tag?post=170714"}],"curies":[{"name":"wp","href":"https:\/\/api.w.org\/{rel}","templated":true}]}}