{"id":162722,"date":"2022-08-22T14:58:45","date_gmt":"2022-08-22T12:58:45","guid":{"rendered":"https:\/\/shop.formadesign.it\/?post_type=product&#038;p=162722"},"modified":"2024-07-04T15:52:24","modified_gmt":"2024-07-04T13:52:24","slug":"pedrali-poltrona-hera-2865","status":"publish","type":"product","link":"https:\/\/shop.formadesign.it\/en\/prodotto\/pedrali-poltrona-hera-2865\/","title":{"rendered":"Pedrali poltrona H\u00e9ra 2865"},"content":{"rendered":"","protected":false},"excerpt":{"rendered":"<p>La poltrona H\u00e9ra \u00e8 realizzata in frassino o in noce americana. Caratterizzata da una\u00a0 seduta accogliente imbottita in schiuma di poliuretano espanso supportato da cinghie elastiche, per garantirne comfort e relax. Lo schienale curvato tridimensionalmente ne permette una facile presa oltre a\u00a0 determinare -insieme alle gambe dalla sezione rettangolare- un aspetto elegante consono ad ambienti di classe, per sale di ristoranti e hotel.<\/p>\n<p><strong>Visualizza gli allegati per scoprire tutte le caratteristiche.<\/strong><\/p>\n<p>\u2713 Ritiro gratis nei nostri showroom<br \/>\n\u2713 Spediamo in tutto il mondo<br \/>\n\u2713 Montaggio disponibile. Contattaci!<br \/>\n\u2713 Consegna al piano su richiesta<\/p>\n","protected":false},"featured_media":162736,"template":"","meta":{"_monsterinsights_skip_tracking":false,"_monsterinsights_sitenote_active":false,"_monsterinsights_sitenote_note":"","_monsterinsights_sitenote_category":0},"product_cat":[185,313,190,191,315,193,194,213,195],"product_tag":[814,836],"class_list":{"0":"post-162722","1":"product","2":"type-product","3":"status-publish","4":"has-post-thumbnail","6":"product_brand-pedrali","7":"product_cat-ambienti-casa","8":"product_cat-bar-e-ristoranti","9":"product_cat-camere-da-letto","10":"product_cat-cucina","11":"product_cat-hotel","12":"product_cat-sala-da-pranzo","13":"product_cat-salotto","14":"product_cat-sedute","15":"product_cat-studio-e-ufficio-casa","16":"product_tag-pedrali","17":"product_tag-sedia","18":"product_shipping_class-247","20":"first","21":"instock","22":"taxable","23":"shipping-taxable","24":"purchasable","25":"product-type-variable"},"_links":{"self":[{"href":"https:\/\/shop.formadesign.it\/en\/wp-json\/wp\/v2\/product\/162722","targetHints":{"allow":["GET"]}}],"collection":[{"href":"https:\/\/shop.formadesign.it\/en\/wp-json\/wp\/v2\/product"}],"about":[{"href":"https:\/\/shop.formadesign.it\/en\/wp-json\/wp\/v2\/types\/product"}],"wp:featuredmedia":[{"embeddable":true,"href":"https:\/\/shop.formadesign.it\/en\/wp-json\/wp\/v2\/media\/162736"}],"wp:attachment":[{"href":"https:\/\/shop.formadesign.it\/en\/wp-json\/wp\/v2\/media?parent=162722"}],"wp:term":[{"taxonomy":"product_cat","embeddable":true,"href":"https:\/\/shop.formadesign.it\/en\/wp-json\/wp\/v2\/product_cat?post=162722"},{"taxonomy":"product_tag","embeddable":true,"href":"https:\/\/shop.formadesign.it\/en\/wp-json\/wp\/v2\/product_tag?post=162722"}],"curies":[{"name":"wp","href":"https:\/\/api.w.org\/{rel}","templated":true}]}}