{"id":149832,"date":"2021-06-24T09:48:31","date_gmt":"2021-06-24T07:48:31","guid":{"rendered":"https:\/\/shop.formadesign.it\/prodotto\/vermobil-table-desiree\/"},"modified":"2021-07-16T10:56:59","modified_gmt":"2021-07-16T08:56:59","slug":"vermobil-table-desiree","status":"publish","type":"product","link":"https:\/\/shop.formadesign.it\/en\/prodotto\/vermobil-table-desiree\/","title":{"rendered":"Vermobil table D\u00e9sir\u00e9e"},"content":{"rendered":"","protected":false},"excerpt":{"rendered":"<p>Outdoor table Vermobil D\u00e9sir\u00e9e.<br \/>\nAvailable in pearl white color.<br \/>\n<strong>View the attachments to discover all the features.<\/strong><\/p>\n<p>\u2713 Free pick up at the shops<br \/>\n\u2713 We ship globally<br \/>\n\u2713 Custom assistance upon request<br \/>\n\u2713 Ready to answer all your questions<\/p>\n","protected":false},"featured_media":149598,"template":"","meta":{"_monsterinsights_skip_tracking":false,"_monsterinsights_sitenote_active":false,"_monsterinsights_sitenote_note":"","_monsterinsights_sitenote_category":0},"product_cat":[578,580,581,622],"product_tag":[886,887],"class_list":{"0":"post-149832","1":"product","2":"type-product","3":"status-publish","4":"has-post-thumbnail","6":"product_brand-vermobil","7":"product_cat-environments-outdoor","8":"product_cat-garden-and-terrace","9":"product_cat-swimming-pool-and-shower","10":"product_cat-tables-outdoor","11":"product_tag-tavoli-en","12":"product_tag-vermobil-en","13":"product_shipping_class-50-en","15":"first","16":"outofstock","17":"taxable","18":"shipping-taxable","19":"purchasable","20":"product-type-simple"},"_links":{"self":[{"href":"https:\/\/shop.formadesign.it\/en\/wp-json\/wp\/v2\/product\/149832","targetHints":{"allow":["GET"]}}],"collection":[{"href":"https:\/\/shop.formadesign.it\/en\/wp-json\/wp\/v2\/product"}],"about":[{"href":"https:\/\/shop.formadesign.it\/en\/wp-json\/wp\/v2\/types\/product"}],"wp:featuredmedia":[{"embeddable":true,"href":"https:\/\/shop.formadesign.it\/en\/wp-json\/wp\/v2\/media\/149598"}],"wp:attachment":[{"href":"https:\/\/shop.formadesign.it\/en\/wp-json\/wp\/v2\/media?parent=149832"}],"wp:term":[{"taxonomy":"product_cat","embeddable":true,"href":"https:\/\/shop.formadesign.it\/en\/wp-json\/wp\/v2\/product_cat?post=149832"},{"taxonomy":"product_tag","embeddable":true,"href":"https:\/\/shop.formadesign.it\/en\/wp-json\/wp\/v2\/product_tag?post=149832"}],"curies":[{"name":"wp","href":"https:\/\/api.w.org\/{rel}","templated":true}]}}