{"id":155940,"date":"2021-11-15T18:13:39","date_gmt":"2021-11-15T17:13:39","guid":{"rendered":"https:\/\/shop.formadesign.it\/the-cut-kitchen\/"},"modified":"2021-11-15T18:13:40","modified_gmt":"2021-11-15T17:13:40","slug":"the-cut-kitchen","status":"publish","type":"page","link":"https:\/\/shop.formadesign.it\/en\/the-cut-kitchen\/","title":{"rendered":"The Cut Kitchen"},"content":{"rendered":"<div class=\"wpb-content-wrapper\"><section data-vc-full-width=\"true\" data-vc-full-width-init=\"false\" data-vc-stretch-content=\"true\" class=\"vc_row wpb_row vc_row-fluid  vc_custom_1607594975544   hongo-stretch-content hongo-stretch-content-fluid\"><div class=\"wpb_column vc_column_container col-xs-mobile-fullwidth vc_col-sm-8\"><div class=\"vc_column-inner\"><div class=\"wpb_wrapper\"><div class=\"alt-font heading-style-1 heading-1 hongo-section-heading hongo_font_1628518119867\">Book your appointment <br \/> to discover the new The Cut Kitchen <br \/> in our showroom<\/div><\/div><\/div><\/div><div class=\"wpb_column vc_column_container col-xs-mobile-fullwidth vc_col-sm-4\"><div class=\"vc_column-inner\"><div class=\"wpb_wrapper\"><\/div><\/div><\/div><\/section><div class=\"vc_row-full-width vc_clearfix\"><\/div><section data-vc-full-width=\"true\" data-vc-full-width-init=\"false\" data-vc-stretch-content=\"true\" class=\"vc_row wpb_row vc_row-fluid  vc_custom_1607594994603   hongo-stretch-content hongo-stretch-content-fluid\"><div class=\"wpb_column vc_column_container col-xs-mobile-fullwidth vc_col-sm-8\"><div class=\"vc_column-inner\"><div class=\"wpb_wrapper\"><div class=\"wpb_single_image    hongo-full-width-single-image\">\n\t\t\t<figure class=\"wpb_wrapper vc_figure\">\n\t\t\t\t<div class=\"vc_single_image-wrapper  \"><img loading=\"lazy\" decoding=\"async\" width=\"1920\" height=\"1300\" src=\"https:\/\/shop.formadesign.it\/wp-content\/uploads\/2021\/08\/the-cut-kitchen_Spazio-Giustiniani.jpg\" class=\"vc_single_image-img attachment-full\" alt=\"\" title=\"the-cut-kitchen_Spazio-Giustiniani\" srcset=\"https:\/\/shop.formadesign.it\/wp-content\/uploads\/2021\/08\/the-cut-kitchen_Spazio-Giustiniani.jpg 1920w, https:\/\/shop.formadesign.it\/wp-content\/uploads\/2021\/08\/the-cut-kitchen_Spazio-Giustiniani-300x203.jpg 300w, https:\/\/shop.formadesign.it\/wp-content\/uploads\/2021\/08\/the-cut-kitchen_Spazio-Giustiniani-1024x693.jpg 1024w, https:\/\/shop.formadesign.it\/wp-content\/uploads\/2021\/08\/the-cut-kitchen_Spazio-Giustiniani-768x520.jpg 768w, https:\/\/shop.formadesign.it\/wp-content\/uploads\/2021\/08\/the-cut-kitchen_Spazio-Giustiniani-1536x1040.jpg 1536w, https:\/\/shop.formadesign.it\/wp-content\/uploads\/2021\/08\/the-cut-kitchen_Spazio-Giustiniani-84x57.jpg 84w, https:\/\/shop.formadesign.it\/wp-content\/uploads\/2021\/08\/the-cut-kitchen_Spazio-Giustiniani-200x135.jpg 200w, https:\/\/shop.formadesign.it\/wp-content\/uploads\/2021\/08\/the-cut-kitchen_Spazio-Giustiniani-450x305.jpg 450w, https:\/\/shop.formadesign.it\/wp-content\/uploads\/2021\/08\/the-cut-kitchen_Spazio-Giustiniani-1167x790.jpg 1167w, https:\/\/shop.formadesign.it\/wp-content\/uploads\/2021\/08\/the-cut-kitchen_Spazio-Giustiniani-360x244.jpg 360w, https:\/\/shop.formadesign.it\/wp-content\/uploads\/2021\/08\/the-cut-kitchen_Spazio-Giustiniani-800x542.jpg 800w, https:\/\/shop.formadesign.it\/wp-content\/uploads\/2021\/08\/the-cut-kitchen_Spazio-Giustiniani-64x43.jpg 64w\" sizes=\"auto, (max-width: 1920px) 100vw, 1920px\" \/><\/div>\n\t\t\t<\/figure>\n\t\t\t\n\t\t<\/div><\/div><\/div><\/div><div class=\"wpb_column vc_column_container col-xs-mobile-fullwidth vc_col-sm-4\"><div class=\"vc_column-inner  hongo_responsive_1607595120133\"><div class=\"wpb_wrapper\"><div class=\"wpb_single_image   vc_custom_1628521650208 hongo-full-width-single-image\">\n\t\t\t<figure class=\"wpb_wrapper vc_figure\">\n\t\t\t\t<div class=\"vc_single_image-wrapper  \"><img loading=\"lazy\" decoding=\"async\" width=\"382\" height=\"62\" src=\"https:\/\/shop.formadesign.it\/wp-content\/uploads\/2021\/08\/Spazio-Giustiniani-the-cut-3.png\" class=\"vc_single_image-img attachment-full\" alt=\"\" title=\"Spazio-Giustiniani-the cut-3\" srcset=\"https:\/\/shop.formadesign.it\/wp-content\/uploads\/2021\/08\/Spazio-Giustiniani-the-cut-3.png 382w, https:\/\/shop.formadesign.it\/wp-content\/uploads\/2021\/08\/Spazio-Giustiniani-the-cut-3-300x49.png 300w, https:\/\/shop.formadesign.it\/wp-content\/uploads\/2021\/08\/Spazio-Giustiniani-the-cut-3-84x14.png 84w, https:\/\/shop.formadesign.it\/wp-content\/uploads\/2021\/08\/Spazio-Giustiniani-the-cut-3-200x32.png 200w, https:\/\/shop.formadesign.it\/wp-content\/uploads\/2021\/08\/Spazio-Giustiniani-the-cut-3-360x58.png 360w, https:\/\/shop.formadesign.it\/wp-content\/uploads\/2021\/08\/Spazio-Giustiniani-the-cut-3-64x10.png 64w\" sizes=\"auto, (max-width: 382px) 100vw, 382px\" \/><\/div>\n\t\t\t<\/figure>\n\t\t\t\n\t\t<\/div><div class=\"alt-font heading-style-1 vc_custom_1608137306386 heading-2 hongo-section-heading hongo_font_1608137306385\"><a class=\"heading-title-link hongo_font_1608137306385\"  target=\"_blank\" href=\"https:\/\/www.google.com\/maps\/place\/Spazio+Giustiniani\/@44.4071012,8.9302831,15z\/data=!4m5!3m4!1s0x0:0x375902ec960e4346!8m2!3d44.4071012!4d8.9302831\">Piazza dei Giustiniani 30r<br \/>16123 - Genova<br \/>+39 010 09 42 418<\/a><\/div>\n<div class=\"wpcf7 no-js\" id=\"wpcf7-f153106-o1\" lang=\"it-IT\" dir=\"ltr\" data-wpcf7-id=\"153106\">\n<div class=\"screen-reader-response\"><p role=\"status\" aria-live=\"polite\" aria-atomic=\"true\"><\/p> <ul><\/ul><\/div>\n<form action=\"\/en\/wp-json\/wp\/v2\/pages\/155940#wpcf7-f153106-o1\" method=\"post\" class=\"wpcf7-form init\" aria-label=\"Modulo di contatto\" novalidate=\"novalidate\" data-status=\"init\">\n<fieldset class=\"hidden-fields-container\"><input type=\"hidden\" name=\"_wpcf7\" value=\"153106\" \/><input type=\"hidden\" name=\"_wpcf7_version\" value=\"6.1.5\" \/><input type=\"hidden\" name=\"_wpcf7_locale\" value=\"it_IT\" \/><input type=\"hidden\" name=\"_wpcf7_unit_tag\" value=\"wpcf7-f153106-o1\" \/><input type=\"hidden\" name=\"_wpcf7_container_post\" value=\"0\" \/><input type=\"hidden\" name=\"_wpcf7_posted_data_hash\" value=\"\" \/><input type=\"hidden\" name=\"_wpcf7_recaptcha_response\" value=\"\" \/>\n<\/fieldset>\n<div class=\"hongo-contact-form-style-1\">\n\t<p><span class=\"wpcf7-form-control-wrap\" data-name=\"contact-name\"><input size=\"40\" maxlength=\"400\" class=\"wpcf7-form-control wpcf7-text wpcf7-validates-as-required\" aria-required=\"true\" aria-invalid=\"false\" placeholder=\"Nome e Cognome*\" value=\"\" type=\"text\" name=\"contact-name\" \/><\/span><br \/>\n<span class=\"wpcf7-form-control-wrap\" data-name=\"contact-email\"><input size=\"40\" maxlength=\"400\" class=\"wpcf7-form-control wpcf7-email wpcf7-validates-as-required wpcf7-text wpcf7-validates-as-email\" aria-required=\"true\" aria-invalid=\"false\" placeholder=\"E-mail*\" value=\"\" type=\"email\" name=\"contact-email\" \/><\/span><br \/>\n<span class=\"wpcf7-form-control-wrap\" data-name=\"contact-profession\"><input size=\"40\" maxlength=\"400\" class=\"wpcf7-form-control wpcf7-text wpcf7-validates-as-required\" aria-required=\"true\" aria-invalid=\"false\" placeholder=\"Professione*\" value=\"\" type=\"text\" name=\"contact-profession\" \/><\/span><br \/>\n<span class=\"wpcf7-form-control-wrap\" data-name=\"numero-telefono\"><input size=\"40\" maxlength=\"400\" class=\"wpcf7-form-control wpcf7-tel wpcf7-text wpcf7-validates-as-tel\" aria-invalid=\"false\" placeholder=\"Telefono\" value=\"\" type=\"tel\" name=\"numero-telefono\" \/><\/span><br \/>\n<span class=\"wpcf7-form-control-wrap\" data-name=\"contact-message\"><textarea cols=\"40\" rows=\"3\" maxlength=\"2000\" class=\"wpcf7-form-control wpcf7-textarea\" aria-invalid=\"false\" placeholder=\"Note aggiuntive\" name=\"contact-message\"><\/textarea><\/span>\n\t<\/p>\n\t<p><span class=\"wpcf7-form-control-wrap\" data-name=\"selezione-giorni\"><select class=\"wpcf7-form-control wpcf7-select wpcf7-validates-as-required\" aria-required=\"true\" aria-invalid=\"false\" name=\"selezione-giorni\"><option value=\"Qualsiasi giorno*\">Qualsiasi giorno*<\/option><option value=\"Luned\u00ec\">Luned\u00ec<\/option><option value=\"Marted\u00ec\">Marted\u00ec<\/option><option value=\"Mercoled\u00ec\">Mercoled\u00ec<\/option><option value=\"Gioved\u00ec\">Gioved\u00ec<\/option><option value=\"Venerd\u00ec\">Venerd\u00ec<\/option><option value=\"Sabato\">Sabato<\/option><\/select><\/span><br \/>\n<span class=\"wpcf7-form-control-wrap\" data-name=\"selezione-orario\"><select class=\"wpcf7-form-control wpcf7-select wpcf7-validates-as-required\" aria-required=\"true\" aria-invalid=\"false\" name=\"selezione-orario\"><option value=\"Qualsiasi ora*\">Qualsiasi ora*<\/option><option value=\"9-10\">9-10<\/option><option value=\"10-11\">10-11<\/option><option value=\"11-12\">11-12<\/option><option value=\"12-13\">12-13<\/option><option value=\"13-14\">13-14<\/option><option value=\"14-15\">14-15<\/option><option value=\"15-16\">15-16<\/option><option value=\"16-17\">16-17<\/option><option value=\"17-18\">17-18<\/option><option value=\"18-19\">18-19<\/option><\/select><\/span>\n\t<\/p>\n\t<p><label style=\"font-weight: 400; color: #000;\"><i>*campi obbligatori<\/i><\/label>\n\t<\/p>\n\t<p><input class=\"wpcf7-form-control wpcf7-submit has-spinner btn btn-small alt-font\" type=\"submit\" value=\"PRENOTA\" \/>\n\t<\/p>\n<\/div><div class=\"wpcf7-response-output\" aria-hidden=\"true\"><\/div>\n<\/form>\n<\/div>\n<\/div><\/div><\/div><\/section><div class=\"vc_row-full-width vc_clearfix\"><\/div>\n<\/div>","protected":false},"excerpt":{"rendered":"Book your appointment to discover the new The Cut Kitchen in our showroom Piazza dei Giustiniani 30r16123 - Genova+39 010 09 42 418 Qualsiasi giorno*Luned\u00ecMarted\u00ecMercoled\u00ecGioved\u00ecVenerd\u00ecSabato Qualsiasi ora*9-1010-1111-1212-1313-1414-1515-1616-1717-1818-19 *campi obbligatori","protected":false},"author":1,"featured_media":0,"parent":0,"menu_order":0,"comment_status":"closed","ping_status":"closed","template":"","meta":{"_monsterinsights_skip_tracking":false,"_monsterinsights_sitenote_active":false,"_monsterinsights_sitenote_note":"","_monsterinsights_sitenote_category":0,"footnotes":""},"class_list":["post-155940","page","type-page","status-publish","hentry"],"_links":{"self":[{"href":"https:\/\/shop.formadesign.it\/en\/wp-json\/wp\/v2\/pages\/155940","targetHints":{"allow":["GET"]}}],"collection":[{"href":"https:\/\/shop.formadesign.it\/en\/wp-json\/wp\/v2\/pages"}],"about":[{"href":"https:\/\/shop.formadesign.it\/en\/wp-json\/wp\/v2\/types\/page"}],"author":[{"embeddable":true,"href":"https:\/\/shop.formadesign.it\/en\/wp-json\/wp\/v2\/users\/1"}],"replies":[{"embeddable":true,"href":"https:\/\/shop.formadesign.it\/en\/wp-json\/wp\/v2\/comments?post=155940"}],"version-history":[{"count":3,"href":"https:\/\/shop.formadesign.it\/en\/wp-json\/wp\/v2\/pages\/155940\/revisions"}],"predecessor-version":[{"id":155943,"href":"https:\/\/shop.formadesign.it\/en\/wp-json\/wp\/v2\/pages\/155940\/revisions\/155943"}],"wp:attachment":[{"href":"https:\/\/shop.formadesign.it\/en\/wp-json\/wp\/v2\/media?parent=155940"}],"curies":[{"name":"wp","href":"https:\/\/api.w.org\/{rel}","templated":true}]}}