{"id":125860,"date":"2021-02-01T11:30:27","date_gmt":"2021-02-01T10:30:27","guid":{"rendered":"https:\/\/shop.formadesign.it\/services-consultancy-decor\/"},"modified":"2022-07-12T10:14:44","modified_gmt":"2022-07-12T08:14:44","slug":"services-consultancy-decor","status":"publish","type":"page","link":"https:\/\/shop.formadesign.it\/en\/services-consultancy-decor\/","title":{"rendered":"Services Consultancy Decor"},"content":{"rendered":"<div class=\"wpb-content-wrapper\"><section data-vc-full-width=\"true\" data-vc-full-width-init=\"false\" data-vc-stretch-content=\"true\" class=\"vc_row wpb_row vc_row-fluid  vc_custom_1560321409799   hongo-stretch-content vc_row-no-padding hongo-stretch-content-fluid vc_row-o-equal-height vc_row-o-content-middle vc_row-flex\"><div class=\"wpb_column vc_column_container col-xs-mobile-fullwidth vc_col-sm-12 vc_col-lg-8 vc_col-md-7\"><div class=\"vc_column-inner\"><div class=\"wpb_wrapper\"><div class=\"vc_row wpb_row vc_inner vc_row-fluid\"><div class=\"wpb_column vc_column_container vc_col-has-fill col-xs-mobile-fullwidth vc_col-sm-12\"><div class=\"vc_column-inner cover-background vc_custom_1657613667332  hongo_responsive_1657613667334\" style=\"z-index:1;  min-height: 850px;\"><div class=\"wpb_wrapper\"><\/div><\/div><\/div><\/div><div class=\"vc_row wpb_row vc_inner vc_row-fluid\"><div class=\"wpb_column vc_column_container col-xs-mobile-fullwidth vc_col-sm-12 sm-text-center xs-text-center\"><div class=\"vc_column-inner vc_custom_1564046653542  hongo_responsive_1564046653546\"><div class=\"wpb_wrapper\"><div class=\"alt-font heading-style-2 vc_custom_1604427870751  hongo_responsive_1604427870756 heading-1 hongo-section-heading hongo_font_1604427870749\">decor<\/div><\/div><\/div><\/div><\/div><\/div><\/div><\/div><div class=\"wpb_column vc_column_container vc_col-has-fill col-xs-mobile-fullwidth vc_col-sm-12 vc_col-lg-4 vc_col-md-5\"><div class=\"vc_column-inner vc_custom_1563455875219  hongo_responsive_1563455875230\"><div class=\"wpb_wrapper\"><div class=\"separator-style-2 vc_custom_1604420492895  hongo_responsive_1604420492900 separator-style2-1\"><\/div><div class=\"alt-font heading-style-3 vc_custom_1614100793050  hongo_responsive_1614100793053 heading-2 hongo-section-heading hongo_font_1614100793048\">Request now an appointment with Forma Design professionals.<br \/>Our specialists will be at your disposal for any request.<\/div><\/div><\/div><\/div><\/section><div class=\"vc_row-full-width vc_clearfix\"><\/div><section data-vc-full-width=\"true\" data-vc-full-width-init=\"false\" data-vc-stretch-content=\"true\" class=\"vc_row wpb_row vc_row-fluid  vc_custom_1604498787403   hongo-stretch-content hongo-stretch-content-fluid vc_row-o-equal-height vc_row-o-content-top vc_row-flex  hongo_responsive_1604498787420\"><div class=\"wpb_column vc_column_container col-xs-mobile-fullwidth vc_col-sm-6 vc_col-md-1\/5 vc_col-sm-offset-0 wow fadeInRight\" data-wow-duration= 1200ms><div class=\"vc_column-inner  hongo_responsive_1564393973674\"><div class=\"wpb_wrapper\"><div class=\"alt-font heading-style-3 heading-3 hongo-section-heading hongo_font_1614103695663\">WHAT<br \/>CAN WE<br \/>DO?<\/div><\/div><\/div><\/div><div class=\"wpb_column vc_column_container col-xs-mobile-fullwidth vc_col-sm-6 vc_col-md-1\/5 wow fadeInRight xs-text-center\" data-wow-delay= 200ms data-wow-duration= 1200ms><div class=\"vc_column-inner  hongo_responsive_1564393991447\"><div class=\"wpb_wrapper\"><div class=\"separator-style-2 separator-style2-2\"><\/div><\/div><\/div><\/div><div class=\"wpb_column vc_column_container col-xs-mobile-fullwidth vc_col-sm-4 vc_col-md-1\/5 wow fadeInRight\" data-wow-delay= 400ms data-wow-duration= 1200ms><div class=\"vc_column-inner  hongo_responsive_1564394006684\"><div class=\"wpb_wrapper\"><div class=\"alt-font heading-style-5 vc_custom_1614100846229 heading-4 hongo-section-heading hongo_font_1614100846228\"><span>Advice<\/span><\/div><div class=\"alt-font heading-style-5 vc_custom_1614100899717 heading-5 hongo-section-heading hongo_font_1614100899717\"><span>Help you in the choice of products based on your furnishing idea.<\/span><\/div><\/div><\/div><\/div><div class=\"wpb_column vc_column_container col-xs-mobile-fullwidth vc_col-sm-4 vc_col-md-1\/5 wow fadeInRight\" data-wow-delay= 600ms data-wow-duration= 1200ms><div class=\"vc_column-inner  hongo_responsive_1564394030532\"><div class=\"wpb_wrapper\"><div class=\"alt-font heading-style-5 vc_custom_1614100862444 heading-6 hongo-section-heading hongo_font_1614100862443\"><span>Inspirations<\/span><\/div><div class=\"alt-font heading-style-5 vc_custom_1614100916499 heading-7 hongo-section-heading hongo_font_1614100916498\"><span>Share furnishing ideas with you through sketches and photographs.<\/span><\/div><\/div><\/div><\/div><div class=\"wpb_column vc_column_container col-xs-mobile-fullwidth vc_col-sm-4 vc_col-md-1\/5 wow fadeInRight\" data-wow-delay= 800ms data-wow-duration= 1200ms><div class=\"vc_column-inner  hongo_responsive_1564394056764\"><div class=\"wpb_wrapper\"><div class=\"alt-font heading-style-5 vc_custom_1614100885521 heading-8 hongo-section-heading hongo_font_1614100885520\"><span>Catalogues<\/span><\/div><div class=\"alt-font heading-style-5 vc_custom_1614100940252 heading-9 hongo-section-heading hongo_font_1614100940251\"><span>We can provide you with a wide range of choices directly from our personal archive.<\/span><\/div><\/div><\/div><\/div><\/section><div class=\"vc_row-full-width vc_clearfix\"><\/div><section data-vc-full-width=\"true\" data-vc-full-width-init=\"false\" class=\"vc_row wpb_row vc_row-fluid  vc_custom_1604422489550   fix-background hongo-row-min-height wow fadeIn vc_row-has-fill hongo-stretch-content hongo-stretch-row-container  hongo_responsive_1604422489556\" style=\"min-height: 650px;\"><div class=\"hongo-overlay\" style=\"opacity:0.7; background: #353535;z-index:0; \"><\/div><div class=\"wpb_column vc_column_container col-xs-mobile-fullwidth vc_col-sm-12\"><div class=\"vc_column-inner\"><div class=\"wpb_wrapper\"><\/div><\/div><\/div><\/section><div class=\"vc_row-full-width vc_clearfix\"><\/div><section data-vc-full-width=\"true\" data-vc-full-width-init=\"false\" data-vc-stretch-content=\"true\" class=\"vc_row wpb_row vc_row-fluid  vc_custom_1563778035559   hongo-stretch-content hongo-stretch-content-fluid vc_row-o-equal-height vc_row-o-content-middle vc_row-flex  hongo_responsive_1563778035566\"><div class=\"wpb_column vc_column_container vc_col-has-fill col-xs-mobile-fullwidth vc_col-sm-12 vc_col-lg-8 vc_col-md-12 wow fadeInLeft\" data-wow-duration= 1200ms><div class=\"vc_column-inner vc_custom_1564394273294  hongo_responsive_1564394273297\"><div class=\"wpb_wrapper\"><div class=\"vc_row wpb_row vc_inner vc_row-fluid\"><div class=\"wpb_column vc_column_container col-xs-mobile-fullwidth vc_col-sm-5 wow fadeInLeft\" data-wow-duration= 1200ms><div class=\"vc_column-inner\"><div class=\"wpb_wrapper\"><div class=\"separator-style-2 vc_custom_1604421771432 separator-style2-3\"><\/div><div class=\"alt-font heading-style-3 vc_custom_1614100972963  hongo_responsive_1614100972964 heading-10 hongo-section-heading hongo_font_1614100972962\">Fill out this form and book your appointment today.<\/div>[vc_empty_space]<div class=\"alt-font display-inline-block heading-style-3 vc_custom_1604427061089  hongo_responsive_1604427061094 heading-11 hongo-section-heading hongo_font_1604427061087\" data-wow-delay= 500ms data-wow-duration= 1500ms>customer<\/div><\/div><\/div><\/div><div class=\"wpb_column vc_column_container vc_col-has-fill col-xs-mobile-fullwidth vc_col-sm-7 wow fadeInLeft\" data-wow-duration= 1200ms><div class=\"vc_column-inner vc_custom_1564394242151  hongo_responsive_1564394242158\"><div class=\"wpb_wrapper\">\n<div class=\"wpcf7 no-js\" id=\"wpcf7-f141334-o1\" lang=\"en-US\" dir=\"ltr\" data-wpcf7-id=\"141334\">\n<div class=\"screen-reader-response\"><p role=\"status\" aria-live=\"polite\" aria-atomic=\"true\"><\/p> <ul><\/ul><\/div>\n<form action=\"\/en\/wp-json\/wp\/v2\/pages\/125860#wpcf7-f141334-o1\" method=\"post\" class=\"wpcf7-form init\" aria-label=\"Contact form\" novalidate=\"novalidate\" data-status=\"init\">\n<fieldset class=\"hidden-fields-container\"><input type=\"hidden\" name=\"_wpcf7\" value=\"141334\" \/><input type=\"hidden\" name=\"_wpcf7_version\" value=\"6.1.5\" \/><input type=\"hidden\" name=\"_wpcf7_locale\" value=\"en_US\" \/><input type=\"hidden\" name=\"_wpcf7_unit_tag\" value=\"wpcf7-f141334-o1\" \/><input type=\"hidden\" name=\"_wpcf7_container_post\" value=\"0\" \/><input type=\"hidden\" name=\"_wpcf7_posted_data_hash\" value=\"\" \/><input type=\"hidden\" name=\"_wpcf7_recaptcha_response\" value=\"\" \/>\n<\/fieldset>\n<div class=\"hongo-contact-form-style-1\">\n\t<p><span class=\"wpcf7-form-control-wrap\" data-name=\"contact-name\"><input size=\"40\" maxlength=\"400\" class=\"wpcf7-form-control wpcf7-text wpcf7-validates-as-required\" aria-required=\"true\" aria-invalid=\"false\" placeholder=\"Nome e Cognome*\" value=\"\" type=\"text\" name=\"contact-name\" \/><\/span><br \/>\n<span class=\"wpcf7-form-control-wrap\" data-name=\"contact-email\"><input size=\"40\" maxlength=\"400\" class=\"wpcf7-form-control wpcf7-email wpcf7-validates-as-required wpcf7-text wpcf7-validates-as-email\" aria-required=\"true\" aria-invalid=\"false\" placeholder=\"E-mail*\" value=\"\" type=\"email\" name=\"contact-email\" \/><\/span><br \/>\n<span class=\"wpcf7-form-control-wrap\" data-name=\"numero-telefono\"><input size=\"40\" maxlength=\"400\" class=\"wpcf7-form-control wpcf7-tel wpcf7-text wpcf7-validates-as-tel\" aria-invalid=\"false\" placeholder=\"Telefono\" value=\"\" type=\"tel\" name=\"numero-telefono\" \/><\/span><br \/>\n[text contact-subject placeholder \"Oggetto dell\" appuntamento=\"\"]<br \/>\n<span class=\"wpcf7-form-control-wrap\" data-name=\"contact-message\"><textarea cols=\"40\" rows=\"3\" maxlength=\"2000\" class=\"wpcf7-form-control wpcf7-textarea\" aria-invalid=\"false\" placeholder=\"Note aggiuntive\" name=\"contact-message\"><\/textarea><\/span>\n\t<\/p>\n\t<p><span class=\"wpcf7-form-control-wrap\" data-name=\"selezione-giorni\"><select class=\"wpcf7-form-control wpcf7-select wpcf7-validates-as-required\" aria-required=\"true\" aria-invalid=\"false\" name=\"selezione-giorni\"><option value=\"Qualsiasi giorno*\">Qualsiasi giorno*<\/option><option value=\"Luned\u00ec\">Luned\u00ec<\/option><option value=\"Marted\u00ec\">Marted\u00ec<\/option><option value=\"Mercoled\u00ec\">Mercoled\u00ec<\/option><option value=\"Gioved\u00ec\">Gioved\u00ec<\/option><option value=\"Venerd\u00ec\">Venerd\u00ec<\/option><option value=\"Sabato\">Sabato<\/option><\/select><\/span><br \/>\n<span class=\"wpcf7-form-control-wrap\" data-name=\"selezione-orario\"><select class=\"wpcf7-form-control wpcf7-select wpcf7-validates-as-required\" aria-required=\"true\" aria-invalid=\"false\" name=\"selezione-orario\"><option value=\"Qualsiasi ora*\">Qualsiasi ora*<\/option><option value=\"9-10\">9-10<\/option><option value=\"10-11\">10-11<\/option><option value=\"11-12\">11-12<\/option><option value=\"12-13\">12-13<\/option><option value=\"13-14\">13-14<\/option><option value=\"14-15\">14-15<\/option><option value=\"15-16\">15-16<\/option><option value=\"16-17\">16-17<\/option><option value=\"17-18\">17-18<\/option><option value=\"18-19\">18-19<\/option><\/select><\/span>\n\t<\/p>\n\t<p><label style=\"font-weight: 400; color: #000;\"><i>*required fields<\/i><\/label>\n\t<\/p>\n\t<p><input class=\"wpcf7-form-control wpcf7-submit has-spinner btn btn-small alt-font\" type=\"submit\" value=\"PRENOTA\" \/>\n\t<\/p>\n<\/div><div class=\"wpcf7-response-output\" aria-hidden=\"true\"><\/div>\n<\/form>\n<\/div>\n<\/div><\/div><\/div><\/div><\/div><\/div><\/div><div class=\"wpb_column vc_column_container vc_col-has-fill col-xs-mobile-fullwidth vc_col-sm-12 vc_col-lg-4 vc_col-md-12 wow fadeInRight\" data-wow-delay= 300ms data-wow-duration= 1200ms><div class=\"vc_column-inner vc_custom_1604422615269  hongo_responsive_1604422615274\"><div class=\"wpb_wrapper\"><div class=\"hongo-testimonial-1 testimonial-style-3\"><div class=\"testimonial-icon\"><i class=\"fa-solid fa-quote-left base-color icon-small\" style=\"color:#808080;\"><\/i><\/div><div class=\"testimonial-content-title alt-font hongo_font_1614101011076\">Decor Consultancy<\/div><div class=\"testimonial-content hongo_font_1614101011077\"><p>For over 16 years we have been involved in designing and building your home, your restaurant, your work space step by step.<\/p>\n<\/div><div class=\"testimonial-meta\"><div class=\"testimonial-name hongo_font_1614101011075\">BARBARA<\/div><span> \/ <\/span><div class=\"testimonial-designation hongo_font_1614101011076\">interior designer<\/div><\/div><\/div><\/div><\/div><\/div><\/section><div class=\"vc_row-full-width vc_clearfix\"><\/div><section data-vc-full-width=\"true\" data-vc-full-width-init=\"false\" data-vc-stretch-content=\"true\" class=\"vc_row wpb_row vc_row-fluid  vc_custom_1563774681971   hongo-stretch-content hongo-stretch-content-fluid vc_row-o-equal-height vc_row-o-content-bottom vc_row-flex  hongo_responsive_1563774681979\"><div class=\"wpb_column vc_column_container col-xs-mobile-fullwidth vc_col-sm-2 vc_col-lg-4 vc_col-md-2 wow fadeInRight xs-display-none\" data-wow-delay= 100ms data-wow-duration= 1200ms><div class=\"vc_column-inner vc_custom_1564394158251\"><div class=\"wpb_wrapper\"><div class=\"separator-style-2 separator-style2-4\"><\/div><\/div><\/div><\/div><div class=\"wpb_column vc_column_container col-xs-mobile-fullwidth vc_col-sm-7 vc_col-lg-5 vc_col-md-7 wow fadeInRight xs-text-center\" data-wow-delay= 300ms data-wow-duration= 1200ms><div class=\"vc_column-inner  hongo_responsive_1564394171778\"><div class=\"wpb_wrapper\"><div class=\"alt-font heading-style-3 heading-12 hongo-section-heading hongo_font_1614101073045\">On working days <strong><u>we will get back to you within the day<\/u><\/strong>.<\/div><\/div><\/div><\/div><div class=\"wpb_column vc_column_container col-xs-mobile-fullwidth vc_col-sm-3 wow fadeInRight xs-text-center\" data-wow-delay= 500ms data-wow-duration= 1200ms><div class=\"vc_column-inner  hongo_responsive_1564394188010\"><div class=\"wpb_wrapper\"><\/div><\/div><\/div><\/section><div class=\"vc_row-full-width vc_clearfix\"><\/div>\n<\/div>","protected":false},"excerpt":{"rendered":"decorRequest now an appointment with Forma Design professionals.Our specialists will be at your disposal for any request.WHATCAN WEDO?AdviceHelp you in the choice of products based on your furnishing idea.InspirationsShare furnishing ideas with you through sketches and photographs.CataloguesWe can provide you with a wide range of choices directly from our personal archive.Fill out this form and book your appointment today.[vc_empty_space]customer [text contact-subject placeholder \"Oggetto dell\" appuntamento=\"\"] Qualsiasi giorno*Luned\u00ecMarted\u00ecMercoled\u00ecGioved\u00ecVenerd\u00ecSabato Qualsiasi ora*9-1010-1111-1212-1313-1414-1515-1616-1717-1818-19 *required fields Decor ConsultancyFor over 16 years we have been involved in designing and building your home, your restaurant, your work space step by step. BARBARA \/ interior designerOn working days we will get back to you within the day.","protected":false},"author":1,"featured_media":0,"parent":0,"menu_order":0,"comment_status":"closed","ping_status":"closed","template":"","meta":{"_monsterinsights_skip_tracking":false,"_monsterinsights_sitenote_active":false,"_monsterinsights_sitenote_note":"","_monsterinsights_sitenote_category":0,"footnotes":""},"class_list":["post-125860","page","type-page","status-publish","hentry"],"_links":{"self":[{"href":"https:\/\/shop.formadesign.it\/en\/wp-json\/wp\/v2\/pages\/125860","targetHints":{"allow":["GET"]}}],"collection":[{"href":"https:\/\/shop.formadesign.it\/en\/wp-json\/wp\/v2\/pages"}],"about":[{"href":"https:\/\/shop.formadesign.it\/en\/wp-json\/wp\/v2\/types\/page"}],"author":[{"embeddable":true,"href":"https:\/\/shop.formadesign.it\/en\/wp-json\/wp\/v2\/users\/1"}],"replies":[{"embeddable":true,"href":"https:\/\/shop.formadesign.it\/en\/wp-json\/wp\/v2\/comments?post=125860"}],"version-history":[{"count":15,"href":"https:\/\/shop.formadesign.it\/en\/wp-json\/wp\/v2\/pages\/125860\/revisions"}],"predecessor-version":[{"id":162008,"href":"https:\/\/shop.formadesign.it\/en\/wp-json\/wp\/v2\/pages\/125860\/revisions\/162008"}],"wp:attachment":[{"href":"https:\/\/shop.formadesign.it\/en\/wp-json\/wp\/v2\/media?parent=125860"}],"curies":[{"name":"wp","href":"https:\/\/api.w.org\/{rel}","templated":true}]}}